{"id":29897,"date":"2026-01-27T10:18:34","date_gmt":"2026-01-27T10:18:34","guid":{"rendered":"https:\/\/konodir.com\/product\/velo-ice-berries-10mg\/"},"modified":"2026-02-25T17:27:37","modified_gmt":"2026-02-25T17:27:37","slug":"velo-ice-berries-10mg","status":"publish","type":"product","link":"https:\/\/konodir.com\/pt\/produto\/velo-ice-berries-10mg\/","title":{"rendered":"VELO Bagas de gelo 10mg"},"content":{"rendered":"<h3 class=\"MsoNormal\"><em><b>Especifica\u00e7\u00f5es do produto:<\/b><\/em><\/h3>\n<ul>\n<li>\n<b>Formato:<\/b><span>\u00a0<\/span><span>Magro<\/span>\n<\/li>\n<li>\n<b>For\u00e7a:<\/b><span>\u00a0<\/span><span>10<\/span>mg por saqueta (<span>Forte<\/span><span>\u00a0<\/span>)<\/li>\n<li class=\"MsoNormal\">\n<b>Bolsas por lata:<\/b><span>\u00a0<\/span>20<\/li>\n<li class=\"MsoNormal\">\n<b>Tipo:<\/b><span> <\/span>100% sem tabaco<\/li>\n<li class=\"MsoNormal\">\n<b>Sabor e experi\u00eancia<\/b>:<span> Bagas de gelo<\/span>\n<\/li>\n<\/ul>\n<p class=\"MsoNormal\"><em>Encomende hoje mesmo VELO Ice Berries 10mg para obter a combina\u00e7\u00e3o perfeita de conveni\u00eancia e frescura. Subscreva a nossa newsletter para obter ofertas exclusivas e pre\u00e7os a granel!<\/em><\/p>","protected":false},"excerpt":{"rendered":"<p>Product Specifications: Format:\u00a0Slim Strength:\u00a010mg per pouch (Strong\u00a0) Pouches per can:\u00a020 Type: 100% tobacco-free Flavor and Experience: Ice Berries Order VELO<\/p>","protected":false},"featured_media":29969,"comment_status":"open","ping_status":"closed","template":"","meta":[],"product_brand":[106],"product_cat":[20,99,103],"product_tag":[],"class_list":{"0":"post-29897","1":"product","2":"type-product","3":"status-publish","4":"has-post-thumbnail","6":"product_brand-velo","7":"product_cat-all-product","8":"product_cat-mediumup-to-11mg","9":"product_cat-velo","11":"first","12":"instock","13":"shipping-taxable","14":"purchasable","15":"product-type-simple"},"_links":{"self":[{"href":"https:\/\/konodir.com\/pt\/wp-json\/wp\/v2\/product\/29897","targetHints":{"allow":["GET"]}}],"collection":[{"href":"https:\/\/konodir.com\/pt\/wp-json\/wp\/v2\/product"}],"about":[{"href":"https:\/\/konodir.com\/pt\/wp-json\/wp\/v2\/types\/product"}],"replies":[{"embeddable":true,"href":"https:\/\/konodir.com\/pt\/wp-json\/wp\/v2\/comments?post=29897"}],"version-history":[{"count":1,"href":"https:\/\/konodir.com\/pt\/wp-json\/wp\/v2\/product\/29897\/revisions"}],"predecessor-version":[{"id":30018,"href":"https:\/\/konodir.com\/pt\/wp-json\/wp\/v2\/product\/29897\/revisions\/30018"}],"wp:featuredmedia":[{"embeddable":true,"href":"https:\/\/konodir.com\/pt\/wp-json\/wp\/v2\/media\/29969"}],"wp:attachment":[{"href":"https:\/\/konodir.com\/pt\/wp-json\/wp\/v2\/media?parent=29897"}],"wp:term":[{"taxonomy":"product_brand","embeddable":true,"href":"https:\/\/konodir.com\/pt\/wp-json\/wp\/v2\/product_brand?post=29897"},{"taxonomy":"product_cat","embeddable":true,"href":"https:\/\/konodir.com\/pt\/wp-json\/wp\/v2\/product_cat?post=29897"},{"taxonomy":"product_tag","embeddable":true,"href":"https:\/\/konodir.com\/pt\/wp-json\/wp\/v2\/product_tag?post=29897"}],"curies":[{"name":"wp","href":"https:\/\/api.w.org\/{rel}","templated":true}]}}