{"id":29894,"date":"2026-01-27T10:18:34","date_gmt":"2026-01-27T10:18:34","guid":{"rendered":"https:\/\/konodir.com\/product\/velo-peppermint-storm-10-9mg\/"},"modified":"2026-02-25T17:27:38","modified_gmt":"2026-02-25T17:27:38","slug":"velo-peppermint-storm-10-9mg","status":"publish","type":"product","link":"https:\/\/konodir.com\/pt\/produto\/velo-peppermint-storm-10-9mg\/","title":{"rendered":"VELO Tempestade de hortel\u00e3-pimenta 10.9mg"},"content":{"rendered":"<h3 class=\"MsoNormal\"><em><b>Especifica\u00e7\u00f5es do produto:<\/b><\/em><\/h3>\n<ul>\n<li>\n<b>Formato:<\/b><span>\u00a0<\/span><span>Magro<\/span>\n<\/li>\n<li>\n<b>For\u00e7a:<\/b><span>\u00a0<\/span><span>10.9 <\/span>mg por bolsa (M\u00e9dio)<\/li>\n<li class=\"MsoNormal\">\n<b>Bolsas por lata:<\/b><span>\u00a0<\/span>20<\/li>\n<li class=\"MsoNormal\">\n<b>Tipo:<\/b><span> <\/span>100% sem tabaco<\/li>\n<li class=\"MsoNormal\">\n<b>Sabor e experi\u00eancia<\/b>:<span> Um arrepio poderoso e rodopiante despertou-o.<\/span>\n<\/li>\n<\/ul>\n<p class=\"MsoNormal\"><em>Encomende hoje o VELO Peppermint Storm 10,9mg para obter a combina\u00e7\u00e3o perfeita de conveni\u00eancia e frescura. Subscreva a nossa newsletter para obter ofertas exclusivas e pre\u00e7os a granel!<\/em><\/p>","protected":false},"excerpt":{"rendered":"<p>Product Specifications: Format:\u00a0Slim Strength:\u00a010.9 mg per pouch (Medium) Pouches per can:\u00a020 Type: 100% tobacco-free Flavor and Experience: Powerful, swirling chill<\/p>","protected":false},"featured_media":29963,"comment_status":"open","ping_status":"closed","template":"","meta":[],"product_brand":[106],"product_cat":[20,99,103],"product_tag":[],"class_list":{"0":"post-29894","1":"product","2":"type-product","3":"status-publish","4":"has-post-thumbnail","6":"product_brand-velo","7":"product_cat-all-product","8":"product_cat-mediumup-to-11mg","9":"product_cat-velo","11":"first","12":"instock","13":"shipping-taxable","14":"purchasable","15":"product-type-simple"},"_links":{"self":[{"href":"https:\/\/konodir.com\/pt\/wp-json\/wp\/v2\/product\/29894","targetHints":{"allow":["GET"]}}],"collection":[{"href":"https:\/\/konodir.com\/pt\/wp-json\/wp\/v2\/product"}],"about":[{"href":"https:\/\/konodir.com\/pt\/wp-json\/wp\/v2\/types\/product"}],"replies":[{"embeddable":true,"href":"https:\/\/konodir.com\/pt\/wp-json\/wp\/v2\/comments?post=29894"}],"version-history":[{"count":1,"href":"https:\/\/konodir.com\/pt\/wp-json\/wp\/v2\/product\/29894\/revisions"}],"predecessor-version":[{"id":30015,"href":"https:\/\/konodir.com\/pt\/wp-json\/wp\/v2\/product\/29894\/revisions\/30015"}],"wp:featuredmedia":[{"embeddable":true,"href":"https:\/\/konodir.com\/pt\/wp-json\/wp\/v2\/media\/29963"}],"wp:attachment":[{"href":"https:\/\/konodir.com\/pt\/wp-json\/wp\/v2\/media?parent=29894"}],"wp:term":[{"taxonomy":"product_brand","embeddable":true,"href":"https:\/\/konodir.com\/pt\/wp-json\/wp\/v2\/product_brand?post=29894"},{"taxonomy":"product_cat","embeddable":true,"href":"https:\/\/konodir.com\/pt\/wp-json\/wp\/v2\/product_cat?post=29894"},{"taxonomy":"product_tag","embeddable":true,"href":"https:\/\/konodir.com\/pt\/wp-json\/wp\/v2\/product_tag?post=29894"}],"curies":[{"name":"wp","href":"https:\/\/api.w.org\/{rel}","templated":true}]}}