{"id":29878,"date":"2026-01-27T10:18:33","date_gmt":"2026-01-27T10:18:33","guid":{"rendered":"https:\/\/konodir.com\/product\/zyn-apple-mint-11mg\/"},"modified":"2026-02-25T17:27:39","modified_gmt":"2026-02-25T17:27:39","slug":"zyn-apple-mint-11mg","status":"publish","type":"product","link":"https:\/\/konodir.com\/pt\/produto\/zyn-apple-mint-11mg\/","title":{"rendered":"ZYN Menta Ma\u00e7\u00e3 11mg"},"content":{"rendered":"<h3 class=\"MsoNormal\"><em><b>Especifica\u00e7\u00f5es do produto:<\/b><\/em><\/h3>\n<ul>\n<li>\n<b>Formato:<\/b><span>\u00a0<\/span><span>Magro<\/span>\n<\/li>\n<li>\n<b>For\u00e7a:<\/b><span>\u00a0<\/span><span>11<\/span>mg por saqueta (Medium<span>\u00a0<\/span>)<\/li>\n<li class=\"MsoNormal\">\n<b>Bolsas por lata:<\/b><span>\u00a0<\/span>20<\/li>\n<li class=\"MsoNormal\">\n<b>Tipo:<\/b><span> <\/span>100% sem tabaco<\/li>\n<li class=\"MsoNormal\">\n<b>Sabor e experi\u00eancia<\/b>:<span> A ma\u00e7\u00e3 verde crocante encontra a menta fresca e refrescante - brilhante, frutada e subtilmente gelada.<\/span>\n<\/li>\n<\/ul>\n<p class=\"MsoNormal\"><em>Encomende hoje mesmo ZYN Apple Mint 11mg 10mg para obter a combina\u00e7\u00e3o perfeita de conveni\u00eancia e frescura. Subscreva a nossa newsletter para ofertas exclusivas e pre\u00e7os por grosso!<\/em><\/p>","protected":false},"excerpt":{"rendered":"<p>Product Specifications: Format:\u00a0Slim Strength:\u00a011mg per pouch (Medium\u00a0) Pouches per can:\u00a020 Type: 100% tobacco-free Flavor and Experience: Crisp green apple meets<\/p>","protected":false},"featured_media":29931,"comment_status":"open","ping_status":"closed","template":"","meta":[],"product_brand":[105],"product_cat":[20,99,100],"product_tag":[],"class_list":{"0":"post-29878","1":"product","2":"type-product","3":"status-publish","4":"has-post-thumbnail","6":"product_brand-zyn","7":"product_cat-all-product","8":"product_cat-mediumup-to-11mg","9":"product_cat-zyn","11":"first","12":"instock","13":"shipping-taxable","14":"purchasable","15":"product-type-simple"},"_links":{"self":[{"href":"https:\/\/konodir.com\/pt\/wp-json\/wp\/v2\/product\/29878","targetHints":{"allow":["GET"]}}],"collection":[{"href":"https:\/\/konodir.com\/pt\/wp-json\/wp\/v2\/product"}],"about":[{"href":"https:\/\/konodir.com\/pt\/wp-json\/wp\/v2\/types\/product"}],"replies":[{"embeddable":true,"href":"https:\/\/konodir.com\/pt\/wp-json\/wp\/v2\/comments?post=29878"}],"version-history":[{"count":1,"href":"https:\/\/konodir.com\/pt\/wp-json\/wp\/v2\/product\/29878\/revisions"}],"predecessor-version":[{"id":30019,"href":"https:\/\/konodir.com\/pt\/wp-json\/wp\/v2\/product\/29878\/revisions\/30019"}],"wp:featuredmedia":[{"embeddable":true,"href":"https:\/\/konodir.com\/pt\/wp-json\/wp\/v2\/media\/29931"}],"wp:attachment":[{"href":"https:\/\/konodir.com\/pt\/wp-json\/wp\/v2\/media?parent=29878"}],"wp:term":[{"taxonomy":"product_brand","embeddable":true,"href":"https:\/\/konodir.com\/pt\/wp-json\/wp\/v2\/product_brand?post=29878"},{"taxonomy":"product_cat","embeddable":true,"href":"https:\/\/konodir.com\/pt\/wp-json\/wp\/v2\/product_cat?post=29878"},{"taxonomy":"product_tag","embeddable":true,"href":"https:\/\/konodir.com\/pt\/wp-json\/wp\/v2\/product_tag?post=29878"}],"curies":[{"name":"wp","href":"https:\/\/api.w.org\/{rel}","templated":true}]}}