{"id":29885,"date":"2026-01-27T10:18:33","date_gmt":"2026-01-27T10:18:33","guid":{"rendered":"https:\/\/konodir.com\/product\/velo-max-freeze-17mg\/"},"modified":"2026-02-25T17:27:43","modified_gmt":"2026-02-25T17:27:43","slug":"velo-max-freeze-17mg","status":"publish","type":"product","link":"https:\/\/konodir.com\/es\/producto\/velo-max-freeze-17mg\/","title":{"rendered":"VELO Max Freeze 17mg"},"content":{"rendered":"<h3 class=\"MsoNormal\"><em><b>Especificaciones del producto:<\/b><\/em><\/h3>\n<ul>\n<li>\n<b>Formato:<\/b><span>\u00a0<\/span><span>Slim<\/span>\n<\/li>\n<li>\n<b>Fuerza:<\/b><span>\u00a0<\/span><span>17<\/span>mg por bolsa (<span>Fuerte<\/span><span>\u00a0<\/span>)<\/li>\n<li class=\"MsoNormal\">\n<b>Bolsas por lata:<\/b><span>\u00a0<\/span>20<\/li>\n<li class=\"MsoNormal\">\n<b>Tipo:<\/b><span> <\/span>100% sin tabaco<\/li>\n<li class=\"MsoNormal\">\n<b>Sabor y experiencia<\/b>:<span> Se siente como nitr\u00f3geno l\u00edquido y deja una escarcha irrompible. Una r\u00e1faga ultrafr\u00eda de mentol helado con matices crujientes y limpios de menta.<\/span>\n<\/li>\n<\/ul>\n<p class=\"MsoNormal\"><em>Pida VELO Max Freeze 17mg hoy mismo para obtener la combinaci\u00f3n perfecta de comodidad y frescura. \u00a1\u00danete a nuestro bolet\u00edn de noticias para ofertas exclusivas y precios al por mayor!<\/em><\/p>","protected":false},"excerpt":{"rendered":"<p>Product Specifications: Format:\u00a0Slim Strength:\u00a017mg per pouch (Strong\u00a0) Pouches per can:\u00a020 Type: 100% tobacco-free Flavor and Experience: Feels like a liquid<\/p>","protected":false},"featured_media":29945,"comment_status":"open","ping_status":"closed","template":"","meta":[],"product_brand":[106],"product_cat":[20,102,103],"product_tag":[],"class_list":{"0":"post-29885","1":"product","2":"type-product","3":"status-publish","4":"has-post-thumbnail","6":"product_brand-velo","7":"product_cat-all-product","8":"product_cat-strong-up-to-17mg","9":"product_cat-velo","11":"first","12":"instock","13":"shipping-taxable","14":"purchasable","15":"product-type-simple"},"_links":{"self":[{"href":"https:\/\/konodir.com\/es\/wp-json\/wp\/v2\/product\/29885","targetHints":{"allow":["GET"]}}],"collection":[{"href":"https:\/\/konodir.com\/es\/wp-json\/wp\/v2\/product"}],"about":[{"href":"https:\/\/konodir.com\/es\/wp-json\/wp\/v2\/types\/product"}],"replies":[{"embeddable":true,"href":"https:\/\/konodir.com\/es\/wp-json\/wp\/v2\/comments?post=29885"}],"version-history":[{"count":1,"href":"https:\/\/konodir.com\/es\/wp-json\/wp\/v2\/product\/29885\/revisions"}],"predecessor-version":[{"id":30026,"href":"https:\/\/konodir.com\/es\/wp-json\/wp\/v2\/product\/29885\/revisions\/30026"}],"wp:featuredmedia":[{"embeddable":true,"href":"https:\/\/konodir.com\/es\/wp-json\/wp\/v2\/media\/29945"}],"wp:attachment":[{"href":"https:\/\/konodir.com\/es\/wp-json\/wp\/v2\/media?parent=29885"}],"wp:term":[{"taxonomy":"product_brand","embeddable":true,"href":"https:\/\/konodir.com\/es\/wp-json\/wp\/v2\/product_brand?post=29885"},{"taxonomy":"product_cat","embeddable":true,"href":"https:\/\/konodir.com\/es\/wp-json\/wp\/v2\/product_cat?post=29885"},{"taxonomy":"product_tag","embeddable":true,"href":"https:\/\/konodir.com\/es\/wp-json\/wp\/v2\/product_tag?post=29885"}],"curies":[{"name":"wp","href":"https:\/\/api.w.org\/{rel}","templated":true}]}}