{"id":29900,"date":"2026-01-27T10:18:35","date_gmt":"2026-01-27T10:18:35","guid":{"rendered":"https:\/\/konodir.com\/product\/white-fox-spearmint-16mg\/"},"modified":"2026-02-25T17:27:44","modified_gmt":"2026-02-25T17:27:44","slug":"white-fox-spearmint-16mg","status":"publish","type":"product","link":"https:\/\/konodir.com\/de\/produkt\/white-fox-spearmint-16mg\/","title":{"rendered":"WHITE FOX Krauseminze 16mg"},"content":{"rendered":"<h3 class=\"MsoNormal\"><em><b>Product Specifications:<\/b><\/em><\/h3>\n<ul>\n<li>\n<b>Format:<\/b><span>\u00a0<\/span><span>Slim<\/span>\n<\/li>\n<li>\n<b>Strength:<\/b><span>\u00a0<\/span><span>16<\/span>mg pro Beutel (<span>Stark<\/span><span>\u00a0<\/span>)<\/li>\n<li class=\"MsoNormal\">\n<b>Pouches per can:<\/b><span>\u00a0<\/span>20<\/li>\n<li class=\"MsoNormal\">\n<b>Type:<\/b><span> <\/span>100% tobacco-free<\/li>\n<li class=\"MsoNormal\">\n<b>Flavor and Experience<\/b>:<span>\u00a0Intensiv knackige und eisige Minze mit einem kr\u00e4ftigen, sauberen Abgang - klassische Minze, verst\u00e4rkt f\u00fcr maximale Erfrischung.<\/span>\n<\/li>\n<\/ul>\n<p class=\"MsoNormal\"><em>Bestellen Sie WHITE FOX Spearmint 16mg noch heute und genie\u00dfen Sie die perfekte Mischung aus Komfort und Frische. Abonnieren Sie unseren Newsletter f\u00fcr exklusive Angebote und Gro\u00dfmengenpreise!<\/em><\/p>","protected":false},"excerpt":{"rendered":"<p>Product Specifications: Format:\u00a0Slim Strength:\u00a016mg per pouch (Strong\u00a0) Pouches per can:\u00a020 Type: 100% tobacco-free Flavor and Experience:\u00a0Intensely crisp and icy spearmint<\/p>","protected":false},"featured_media":29975,"comment_status":"open","ping_status":"closed","template":"","meta":[],"product_brand":[107],"product_cat":[20,102,104],"product_tag":[],"class_list":{"0":"post-29900","1":"product","2":"type-product","3":"status-publish","4":"has-post-thumbnail","6":"product_brand-white-fox","7":"product_cat-all-product","8":"product_cat-strong-up-to-17mg","9":"product_cat-white-fox","11":"first","12":"instock","13":"shipping-taxable","14":"purchasable","15":"product-type-simple"},"_links":{"self":[{"href":"https:\/\/konodir.com\/de\/wp-json\/wp\/v2\/product\/29900","targetHints":{"allow":["GET"]}}],"collection":[{"href":"https:\/\/konodir.com\/de\/wp-json\/wp\/v2\/product"}],"about":[{"href":"https:\/\/konodir.com\/de\/wp-json\/wp\/v2\/types\/product"}],"replies":[{"embeddable":true,"href":"https:\/\/konodir.com\/de\/wp-json\/wp\/v2\/comments?post=29900"}],"version-history":[{"count":1,"href":"https:\/\/konodir.com\/de\/wp-json\/wp\/v2\/product\/29900\/revisions"}],"predecessor-version":[{"id":30008,"href":"https:\/\/konodir.com\/de\/wp-json\/wp\/v2\/product\/29900\/revisions\/30008"}],"wp:featuredmedia":[{"embeddable":true,"href":"https:\/\/konodir.com\/de\/wp-json\/wp\/v2\/media\/29975"}],"wp:attachment":[{"href":"https:\/\/konodir.com\/de\/wp-json\/wp\/v2\/media?parent=29900"}],"wp:term":[{"taxonomy":"product_brand","embeddable":true,"href":"https:\/\/konodir.com\/de\/wp-json\/wp\/v2\/product_brand?post=29900"},{"taxonomy":"product_cat","embeddable":true,"href":"https:\/\/konodir.com\/de\/wp-json\/wp\/v2\/product_cat?post=29900"},{"taxonomy":"product_tag","embeddable":true,"href":"https:\/\/konodir.com\/de\/wp-json\/wp\/v2\/product_tag?post=29900"}],"curies":[{"name":"wp","href":"https:\/\/api.w.org\/{rel}","templated":true}]}}