{"id":29899,"date":"2026-01-27T10:18:35","date_gmt":"2026-01-27T10:18:35","guid":{"rendered":"https:\/\/konodir.com\/product\/velo-ice-cool-10mg\/"},"modified":"2026-02-25T17:27:38","modified_gmt":"2026-02-25T17:27:38","slug":"velo-ice-cool-10mg","status":"publish","type":"product","link":"https:\/\/konodir.com\/de\/produkt\/velo-ice-cool-10mg\/","title":{"rendered":"VELO Ice Cool 10mg"},"content":{"rendered":"<h3 class=\"MsoNormal\"><em><b>Product Specifications:<\/b><\/em><\/h3>\n<ul>\n<li>\n<b>Format:<\/b><span>\u00a0<\/span><span>Slim<\/span>\n<\/li>\n<li>\n<b>Strength:<\/b><span>\u00a0<\/span><span>10<\/span>mg per pouch (Medium<span>\u00a0<\/span>)<\/li>\n<li class=\"MsoNormal\">\n<b>Pouches per can:<\/b><span>\u00a0<\/span>20<\/li>\n<li class=\"MsoNormal\">\n<b>Type:<\/b><span> <\/span>100% tobacco-free<\/li>\n<li class=\"MsoNormal\">\n<b>Flavor and Experience<\/b>:<span> Plain Ice f\u00fcr diejenigen, die das kalte Gef\u00fchl ohne Fruchtgeschmack w\u00fcnschen.<\/span>\n<\/li>\n<\/ul>\n<p class=\"MsoNormal\"><em>Bestellen Sie noch heute VELO Ice Cool 10mg und genie\u00dfen Sie die perfekte Mischung aus Komfort und Frische. Melden Sie sich f\u00fcr unseren Newsletter an, um exklusive Angebote und Mengenpreise zu erhalten!<\/em><\/p>","protected":false},"excerpt":{"rendered":"<p>Product Specifications: Format:\u00a0Slim Strength:\u00a010mg per pouch (Medium\u00a0) Pouches per can:\u00a020 Type: 100% tobacco-free Flavor and Experience: Plain Ice for those<\/p>","protected":false},"featured_media":29973,"comment_status":"open","ping_status":"closed","template":"","meta":[],"product_brand":[106],"product_cat":[20,99,103],"product_tag":[],"class_list":{"0":"post-29899","1":"product","2":"type-product","3":"status-publish","4":"has-post-thumbnail","6":"product_brand-velo","7":"product_cat-all-product","8":"product_cat-mediumup-to-11mg","9":"product_cat-velo","11":"first","12":"instock","13":"shipping-taxable","14":"purchasable","15":"product-type-simple"},"_links":{"self":[{"href":"https:\/\/konodir.com\/de\/wp-json\/wp\/v2\/product\/29899","targetHints":{"allow":["GET"]}}],"collection":[{"href":"https:\/\/konodir.com\/de\/wp-json\/wp\/v2\/product"}],"about":[{"href":"https:\/\/konodir.com\/de\/wp-json\/wp\/v2\/types\/product"}],"replies":[{"embeddable":true,"href":"https:\/\/konodir.com\/de\/wp-json\/wp\/v2\/comments?post=29899"}],"version-history":[{"count":2,"href":"https:\/\/konodir.com\/de\/wp-json\/wp\/v2\/product\/29899\/revisions"}],"predecessor-version":[{"id":30320,"href":"https:\/\/konodir.com\/de\/wp-json\/wp\/v2\/product\/29899\/revisions\/30320"}],"wp:featuredmedia":[{"embeddable":true,"href":"https:\/\/konodir.com\/de\/wp-json\/wp\/v2\/media\/29973"}],"wp:attachment":[{"href":"https:\/\/konodir.com\/de\/wp-json\/wp\/v2\/media?parent=29899"}],"wp:term":[{"taxonomy":"product_brand","embeddable":true,"href":"https:\/\/konodir.com\/de\/wp-json\/wp\/v2\/product_brand?post=29899"},{"taxonomy":"product_cat","embeddable":true,"href":"https:\/\/konodir.com\/de\/wp-json\/wp\/v2\/product_cat?post=29899"},{"taxonomy":"product_tag","embeddable":true,"href":"https:\/\/konodir.com\/de\/wp-json\/wp\/v2\/product_tag?post=29899"}],"curies":[{"name":"wp","href":"https:\/\/api.w.org\/{rel}","templated":true}]}}