{"id":29886,"date":"2026-01-27T10:18:33","date_gmt":"2026-01-27T10:18:33","guid":{"rendered":"https:\/\/konodir.com\/product\/velo-mango-flame-10mg\/"},"modified":"2026-02-25T17:27:38","modified_gmt":"2026-02-25T17:27:38","slug":"velo-mango-flame-10mg","status":"publish","type":"product","link":"https:\/\/konodir.com\/de\/produkt\/velo-mango-flame-10mg\/","title":{"rendered":"VELO Mango Flame 10mg"},"content":{"rendered":"<h3 class=\"MsoNormal\"><em><b>Product Specifications:<\/b><\/em><\/h3>\n<ul>\n<li>\n<b>Format:<\/b><span>\u00a0<\/span><span>Slim<\/span>\n<\/li>\n<li>\n<b>Strength:<\/b><span>\u00a0<\/span><span>10<\/span>mg pro Beutel (Medium)<\/li>\n<li class=\"MsoNormal\">\n<b>Pouches per can:<\/b><span>\u00a0<\/span>20<\/li>\n<li class=\"MsoNormal\">\n<b>Type:<\/b><span> <\/span>100% tobacco-free<\/li>\n<li class=\"MsoNormal\">\n<b>Flavor and Experience<\/b>:<span> Mango S\u00fc\u00dfe und W\u00e4rme Kombination.\u00a0<\/span>\n<\/li>\n<\/ul>\n<p class=\"MsoNormal\"><em>Bestellen Sie noch heute VELO Mango Flame 10mg und genie\u00dfen Sie die perfekte Mischung aus Komfort und Frische. Melden Sie sich f\u00fcr unseren Newsletter an, um exklusive Angebote und Mengenpreise zu erhalten!<\/em><\/p>","protected":false},"excerpt":{"rendered":"<p>Product Specifications: Format:\u00a0Slim Strength:\u00a010mg per pouch (Medium) Pouches per can:\u00a020 Type: 100% tobacco-free Flavor and Experience: Mango Sweet and Heat<\/p>","protected":false},"featured_media":29947,"comment_status":"open","ping_status":"closed","template":"","meta":[],"product_brand":[106],"product_cat":[20,99,103],"product_tag":[],"class_list":{"0":"post-29886","1":"product","2":"type-product","3":"status-publish","4":"has-post-thumbnail","6":"product_brand-velo","7":"product_cat-all-product","8":"product_cat-mediumup-to-11mg","9":"product_cat-velo","11":"first","12":"instock","13":"shipping-taxable","14":"purchasable","15":"product-type-simple"},"_links":{"self":[{"href":"https:\/\/konodir.com\/de\/wp-json\/wp\/v2\/product\/29886","targetHints":{"allow":["GET"]}}],"collection":[{"href":"https:\/\/konodir.com\/de\/wp-json\/wp\/v2\/product"}],"about":[{"href":"https:\/\/konodir.com\/de\/wp-json\/wp\/v2\/types\/product"}],"replies":[{"embeddable":true,"href":"https:\/\/konodir.com\/de\/wp-json\/wp\/v2\/comments?post=29886"}],"version-history":[{"count":1,"href":"https:\/\/konodir.com\/de\/wp-json\/wp\/v2\/product\/29886\/revisions"}],"predecessor-version":[{"id":30027,"href":"https:\/\/konodir.com\/de\/wp-json\/wp\/v2\/product\/29886\/revisions\/30027"}],"wp:featuredmedia":[{"embeddable":true,"href":"https:\/\/konodir.com\/de\/wp-json\/wp\/v2\/media\/29947"}],"wp:attachment":[{"href":"https:\/\/konodir.com\/de\/wp-json\/wp\/v2\/media?parent=29886"}],"wp:term":[{"taxonomy":"product_brand","embeddable":true,"href":"https:\/\/konodir.com\/de\/wp-json\/wp\/v2\/product_brand?post=29886"},{"taxonomy":"product_cat","embeddable":true,"href":"https:\/\/konodir.com\/de\/wp-json\/wp\/v2\/product_cat?post=29886"},{"taxonomy":"product_tag","embeddable":true,"href":"https:\/\/konodir.com\/de\/wp-json\/wp\/v2\/product_tag?post=29886"}],"curies":[{"name":"wp","href":"https:\/\/api.w.org\/{rel}","templated":true}]}}