{"id":29875,"date":"2026-01-27T10:18:32","date_gmt":"2026-01-27T10:18:32","guid":{"rendered":"https:\/\/konodir.com\/product\/zyn-icy-mint-12-5mg\/"},"modified":"2026-02-25T17:27:44","modified_gmt":"2026-02-25T17:27:44","slug":"zyn-icy-mint-12-5mg","status":"publish","type":"product","link":"https:\/\/konodir.com\/de\/produkt\/zyn-icy-mint-12-5mg\/","title":{"rendered":"ZYN Eisige Minze 12.5mg"},"content":{"rendered":"<h3 class=\"MsoNormal\"><em><b>Product Specifications:<\/b><\/em><\/h3>\n<ul>\n<li>\n<b>Format:<\/b><span>\u00a0<\/span><span>Slim<\/span>\n<\/li>\n<li>\n<b>Strength:<\/b><span>\u00a0<\/span><span>12.5<\/span>mg pro Beutel (<span>Stark<\/span><span>\u00a0<\/span>)<\/li>\n<li class=\"MsoNormal\">\n<b>Pouches per can:<\/b><span>\u00a0<\/span>20<\/li>\n<li class=\"MsoNormal\">\n<b>Type:<\/b><span> <\/span>100% tobacco-free<\/li>\n<li class=\"MsoNormal\">\n<b>Flavor and Experience<\/b>:<span>\u00a0Saubere, knackige Minze mit einer ausgepr\u00e4gten eisigen K\u00fchle - erfrischend, ohne \u00fcberm\u00e4\u00dfig s\u00fc\u00df oder scharf zu sein.<\/span>\n<\/li>\n<\/ul>\n<p class=\"MsoNormal\"><em>Bestellen Sie noch heute ZYN Icy Mint 12,5mg und genie\u00dfen Sie die perfekte Mischung aus Komfort und Frische. Melden Sie sich f\u00fcr unseren Newsletter an, um exklusive Angebote und Mengenrabatte zu erhalten!<\/em><\/p>","protected":false},"excerpt":{"rendered":"<p>Product Specifications: Format:\u00a0Slim Strength:\u00a012.5mg per pouch (Strong\u00a0) Pouches per can:\u00a020 Type: 100% tobacco-free Flavor and Experience:\u00a0Clean, crisp mint with a<\/p>","protected":false},"featured_media":29925,"comment_status":"open","ping_status":"closed","template":"","meta":[],"product_brand":[105],"product_cat":[20,102,100],"product_tag":[],"class_list":{"0":"post-29875","1":"product","2":"type-product","3":"status-publish","4":"has-post-thumbnail","6":"product_brand-zyn","7":"product_cat-all-product","8":"product_cat-strong-up-to-17mg","9":"product_cat-zyn","11":"first","12":"instock","13":"shipping-taxable","14":"purchasable","15":"product-type-simple"},"_links":{"self":[{"href":"https:\/\/konodir.com\/de\/wp-json\/wp\/v2\/product\/29875","targetHints":{"allow":["GET"]}}],"collection":[{"href":"https:\/\/konodir.com\/de\/wp-json\/wp\/v2\/product"}],"about":[{"href":"https:\/\/konodir.com\/de\/wp-json\/wp\/v2\/types\/product"}],"replies":[{"embeddable":true,"href":"https:\/\/konodir.com\/de\/wp-json\/wp\/v2\/comments?post=29875"}],"version-history":[{"count":1,"href":"https:\/\/konodir.com\/de\/wp-json\/wp\/v2\/product\/29875\/revisions"}],"predecessor-version":[{"id":30042,"href":"https:\/\/konodir.com\/de\/wp-json\/wp\/v2\/product\/29875\/revisions\/30042"}],"wp:featuredmedia":[{"embeddable":true,"href":"https:\/\/konodir.com\/de\/wp-json\/wp\/v2\/media\/29925"}],"wp:attachment":[{"href":"https:\/\/konodir.com\/de\/wp-json\/wp\/v2\/media?parent=29875"}],"wp:term":[{"taxonomy":"product_brand","embeddable":true,"href":"https:\/\/konodir.com\/de\/wp-json\/wp\/v2\/product_brand?post=29875"},{"taxonomy":"product_cat","embeddable":true,"href":"https:\/\/konodir.com\/de\/wp-json\/wp\/v2\/product_cat?post=29875"},{"taxonomy":"product_tag","embeddable":true,"href":"https:\/\/konodir.com\/de\/wp-json\/wp\/v2\/product_tag?post=29875"}],"curies":[{"name":"wp","href":"https:\/\/api.w.org\/{rel}","templated":true}]}}